{"id":49,"date":"2023-05-06T15:35:14","date_gmt":"2023-05-06T13:35:14","guid":{"rendered":"https:\/\/musicamauves.fr\/?page_id=49"},"modified":"2025-06-27T16:16:24","modified_gmt":"2025-06-27T14:16:24","slug":"inscriptions","status":"publish","type":"page","link":"https:\/\/musicamauves.fr\/?page_id=49","title":{"rendered":"Inscriptions"},"content":{"rendered":"\n<p><em>Les cours commencent le 15 septembre et se terminent le 26 juin. Il n\u2019y a pas de cours pendant les vacances scolaires.<br>Les pr\u00e9-inscriptions se font via le lien suivant :&nbsp;<\/em><a href=\"https:\/\/www.helloasso.com\/associations\/musicamauve\/adhesions\/adhesion-musicamauves-2025-2026\" target=\"_blank\" rel=\"noreferrer noopener\">https:\/\/www.helloasso.com\/associations\/musicamauve\/adhesions\/adhesion-musicamauves-2025-2026<\/a><em>.&nbsp;<\/em><\/p>\n\n\n\n<p><em>A ce stade, seule la cotisation de 25 euros \u00e0 l&rsquo;association vous est demand\u00e9e afin de r\u00e9server votre place et constitue une pr\u00e9-inscription. En fonction des souhaits exprim\u00e9s, nous constituons le planning des cours et nous vous recontactons individuellement pour caler le cr\u00e9neau le plus adapt\u00e9.&nbsp;<\/em><\/p>\n\n\n\n<p><em>Une&nbsp;<strong>r\u00e9duction de 5%<\/strong>&nbsp;s&rsquo;applique \u00e0 partir d&rsquo;une 2\u00e8me inscription pour une m\u00eame famille.&nbsp;<\/em><\/p>\n\n\n\n<p><em><strong>Le paiement des cours<\/strong>&nbsp;vous sera demand\u00e9 \u00e0 la rentr\u00e9e (paiement mensualis\u00e9 possible) via un autre lien Helloasso.&nbsp;<\/em><\/p>\n\n\n\n<p><em>N&rsquo;h\u00e9sitez pas \u00e0 nous contacter pour plus d&rsquo;information \u00e0&nbsp;<a href=\"mailto:musicamauves@gmail.com\" target=\"_blank\" rel=\"noreferrer noopener\">musicamauves@gmail.com<\/a><\/em><br><br>Voici les tarifs 2025-2026 :<\/p>\n\n\n\n<div data-wp-interactive=\"core\/file\" class=\"wp-block-file\"><object data-wp-bind--hidden=\"!state.hasPdfPreview\" hidden class=\"wp-block-file__embed\" data=\"https:\/\/musicamauves.fr\/wp-content\/uploads\/2025\/06\/Tarifs-mise-en-page_V4_25_26.pdf\" type=\"application\/pdf\" style=\"width:100%;height:600px\" aria-label=\"Contenu embarqu\u00e9 Tarifs-mise-en-page_V4_25_26.\"><\/object><a id=\"wp-block-file--media-449514ea-9b18-4a80-ad3b-cc32c5987051\" href=\"https:\/\/musicamauves.fr\/wp-content\/uploads\/2025\/06\/Tarifs-mise-en-page_V4_25_26.pdf\">Tarifs-mise-en-page_V4_25_26<\/a><a href=\"https:\/\/musicamauves.fr\/wp-content\/uploads\/2025\/06\/Tarifs-mise-en-page_V4_25_26.pdf\" class=\"wp-block-file__button wp-element-button\" download aria-describedby=\"wp-block-file--media-449514ea-9b18-4a80-ad3b-cc32c5987051\">T\u00e9l\u00e9charger<\/a><\/div>\n\n\n\n<p>Vous pouvez consulter le r\u00e8glement int\u00e9rieur de l&rsquo;association , il sera \u00e0 signer et \u00e0 suivre tout au long de l&rsquo;ann\u00e9e.<\/p>\n\n\n\n<div data-wp-interactive=\"core\/file\" class=\"wp-block-file\"><object data-wp-bind--hidden=\"!state.hasPdfPreview\" hidden class=\"wp-block-file__embed\" data=\"https:\/\/musicamauves.fr\/wp-content\/uploads\/2024\/06\/2024-REGLEMENT-INT-MUSICAMAUVES-Adherents-1.pdf\" type=\"application\/pdf\" style=\"width:100%;height:1200px\" aria-label=\"Contenu embarqu\u00e9 2024 REGLEMENT INT MUSICAMAUVES- Adh\u00e9rents-1.\"><\/object><a id=\"wp-block-file--media-6b52da7c-feab-4473-adf3-ee6f5786253d\" href=\"https:\/\/musicamauves.fr\/wp-content\/uploads\/2024\/06\/2024-REGLEMENT-INT-MUSICAMAUVES-Adherents-1.pdf\">2024 REGLEMENT INT MUSICAMAUVES- Adh\u00e9rents-1<\/a><a href=\"https:\/\/musicamauves.fr\/wp-content\/uploads\/2024\/06\/2024-REGLEMENT-INT-MUSICAMAUVES-Adherents-1.pdf\" class=\"wp-block-file__button wp-element-button\" download aria-describedby=\"wp-block-file--media-6b52da7c-feab-4473-adf3-ee6f5786253d\">T\u00e9l\u00e9charger<\/a><\/div>\n","protected":false},"excerpt":{"rendered":"<p>Les cours commencent le 15 septembre et se terminent le 26 juin. Il n\u2019y a pas de cours pendant les vacances scolaires.Les pr\u00e9-inscriptions se font via le lien suivant :&nbsp;https:\/\/www.helloasso.com\/associations\/musicamauve\/adhesions\/adhesion-musicamauves-2025-2026.&nbsp; A ce stade, seule la cotisation de 25 euros \u00e0 l&rsquo;association vous est demand\u00e9e afin de r\u00e9server votre place et constitue une pr\u00e9-inscription. En fonction [&hellip;]<\/p>\n","protected":false},"author":1,"featured_media":0,"parent":0,"menu_order":0,"comment_status":"closed","ping_status":"closed","template":"","meta":{"footnotes":""},"class_list":["post-49","page","type-page","status-publish","hentry"],"_links":{"self":[{"href":"https:\/\/musicamauves.fr\/index.php?rest_route=\/wp\/v2\/pages\/49","targetHints":{"allow":["GET"]}}],"collection":[{"href":"https:\/\/musicamauves.fr\/index.php?rest_route=\/wp\/v2\/pages"}],"about":[{"href":"https:\/\/musicamauves.fr\/index.php?rest_route=\/wp\/v2\/types\/page"}],"author":[{"embeddable":true,"href":"https:\/\/musicamauves.fr\/index.php?rest_route=\/wp\/v2\/users\/1"}],"replies":[{"embeddable":true,"href":"https:\/\/musicamauves.fr\/index.php?rest_route=%2Fwp%2Fv2%2Fcomments&post=49"}],"version-history":[{"count":19,"href":"https:\/\/musicamauves.fr\/index.php?rest_route=\/wp\/v2\/pages\/49\/revisions"}],"predecessor-version":[{"id":178,"href":"https:\/\/musicamauves.fr\/index.php?rest_route=\/wp\/v2\/pages\/49\/revisions\/178"}],"wp:attachment":[{"href":"https:\/\/musicamauves.fr\/index.php?rest_route=%2Fwp%2Fv2%2Fmedia&parent=49"}],"curies":[{"name":"wp","href":"https:\/\/api.w.org\/{rel}","templated":true}]}}