{"id":44,"date":"2023-05-06T15:20:32","date_gmt":"2023-05-06T13:20:32","guid":{"rendered":"https:\/\/musicamauves.fr\/?page_id=44"},"modified":"2024-05-22T23:24:21","modified_gmt":"2024-05-22T21:24:21","slug":"lassociation","status":"publish","type":"page","link":"https:\/\/musicamauves.fr\/?page_id=44","title":{"rendered":"L&rsquo;Association"},"content":{"rendered":"\n<p>\u00ab\u00a0<em>En 2024, l&rsquo;association Musicamauves est dirig\u00e9e par un nouveau bureau b\u00e9n\u00e9vole de 3 personnes<\/em>\u00ab\u00a0. Il s&rsquo;appuie sur l&rsquo;aide d&rsquo;une coordinatrice pour assurer les missions suivantes : <br>&#8211; organiser la vie associative (pr\u00e9paration des bureaux et AG, liens avec les institutions)<br>&#8211; organiser les cours (recrutements, gestion des ressources humaines, planning et inscription, communication)<br>&#8211; organiser les \u00e9v\u00e8nements (pr\u00e9paration, programmation, invitation, logistique et communication)<br><\/p>\n\n\n\n<p>Une Assembl\u00e9e G\u00e9n\u00e9rale est r\u00e9unie en novembre tous les ans, le bureau peut ainsi se renouveler et de nouvelles personnes peuvent l&rsquo;int\u00e9grer. Le bureau se retrouve tous les mois. <br>Ce sont aux adh\u00e9rents de faire vivre l&rsquo;association en s&rsquo;impliquant dans les diff\u00e9rentes activit\u00e9s, alors n&rsquo;h\u00e9sitez pas \u00e0 nous contacter pour donner un peu de votre temps (pour les inscriptions, les \u00e9v\u00e8nements, int\u00e9grer le bureau&#8230;).<br><br>Tous les cours ont lieu \u00e0 Mauves sur Loire dans la salle Cam\u00e9lia et Catalpa du presbyt\u00e8re, place de l&rsquo;\u00e9glise. Deux salles \u00e9quip\u00e9es d&rsquo;instruments sont mises \u00e0 disposition. La salle du Vallon peut \u00e9galement accueillir certains des cours et des \u00e9v\u00e8nements.<\/p>\n\n\n\n<div class=\"wp-block-group is-nowrap is-layout-flex wp-container-core-group-is-layout-ad2f72ca wp-block-group-is-layout-flex\">\n<figure class=\"wp-block-image size-full is-resized\"><img loading=\"lazy\" decoding=\"async\" width=\"560\" height=\"380\" src=\"https:\/\/musicamauves.fr\/wp-content\/uploads\/2023\/05\/salle-du-presbytere-560x380-1.jpg\" alt=\"\" class=\"wp-image-45\" style=\"width:386px;height:262px\" srcset=\"https:\/\/musicamauves.fr\/wp-content\/uploads\/2023\/05\/salle-du-presbytere-560x380-1.jpg 560w, https:\/\/musicamauves.fr\/wp-content\/uploads\/2023\/05\/salle-du-presbytere-560x380-1-300x204.jpg 300w\" sizes=\"auto, (max-width: 560px) 100vw, 560px\" \/><\/figure>\n\n\n\n<figure class=\"wp-block-image size-large is-resized\"><img loading=\"lazy\" decoding=\"async\" width=\"1024\" height=\"683\" src=\"https:\/\/musicamauves.fr\/wp-content\/uploads\/2023\/05\/Vallon-1--1024x683.jpg\" alt=\"\" class=\"wp-image-46\" style=\"width:394px;height:263px\" srcset=\"https:\/\/musicamauves.fr\/wp-content\/uploads\/2023\/05\/Vallon-1--1024x683.jpg 1024w, https:\/\/musicamauves.fr\/wp-content\/uploads\/2023\/05\/Vallon-1--300x200.jpg 300w, https:\/\/musicamauves.fr\/wp-content\/uploads\/2023\/05\/Vallon-1--768x512.jpg 768w, https:\/\/musicamauves.fr\/wp-content\/uploads\/2023\/05\/Vallon-1-.jpg 1350w\" sizes=\"auto, (max-width: 1024px) 100vw, 1024px\" \/><\/figure>\n<\/div>\n","protected":false},"excerpt":{"rendered":"<p>\u00ab\u00a0En 2024, l&rsquo;association Musicamauves est dirig\u00e9e par un nouveau bureau b\u00e9n\u00e9vole de 3 personnes\u00ab\u00a0. Il s&rsquo;appuie sur l&rsquo;aide d&rsquo;une coordinatrice pour assurer les missions suivantes : &#8211; organiser la vie associative (pr\u00e9paration des bureaux et AG, liens avec les institutions)&#8211; organiser les cours (recrutements, gestion des ressources humaines, planning et inscription, communication)&#8211; organiser les \u00e9v\u00e8nements [&hellip;]<\/p>\n","protected":false},"author":1,"featured_media":0,"parent":0,"menu_order":0,"comment_status":"closed","ping_status":"closed","template":"","meta":{"footnotes":""},"class_list":["post-44","page","type-page","status-publish","hentry"],"_links":{"self":[{"href":"https:\/\/musicamauves.fr\/index.php?rest_route=\/wp\/v2\/pages\/44","targetHints":{"allow":["GET"]}}],"collection":[{"href":"https:\/\/musicamauves.fr\/index.php?rest_route=\/wp\/v2\/pages"}],"about":[{"href":"https:\/\/musicamauves.fr\/index.php?rest_route=\/wp\/v2\/types\/page"}],"author":[{"embeddable":true,"href":"https:\/\/musicamauves.fr\/index.php?rest_route=\/wp\/v2\/users\/1"}],"replies":[{"embeddable":true,"href":"https:\/\/musicamauves.fr\/index.php?rest_route=%2Fwp%2Fv2%2Fcomments&post=44"}],"version-history":[{"count":3,"href":"https:\/\/musicamauves.fr\/index.php?rest_route=\/wp\/v2\/pages\/44\/revisions"}],"predecessor-version":[{"id":121,"href":"https:\/\/musicamauves.fr\/index.php?rest_route=\/wp\/v2\/pages\/44\/revisions\/121"}],"wp:attachment":[{"href":"https:\/\/musicamauves.fr\/index.php?rest_route=%2Fwp%2Fv2%2Fmedia&parent=44"}],"curies":[{"name":"wp","href":"https:\/\/api.w.org\/{rel}","templated":true}]}}